{"id":13,"date":"2020-04-04T08:39:00","date_gmt":"2020-04-04T08:39:00","guid":{"rendered":"https:\/\/factumpc.com\/?page_id=13"},"modified":"2023-05-09T07:05:25","modified_gmt":"2023-05-09T07:05:25","slug":"factumpc","status":"publish","type":"page","link":"https:\/\/factumpc.com\/","title":{"rendered":"FactuMPC"},"content":{"rendered":"\n<div class=\"wp-block-media-text alignwide is-stacked-on-mobile\"><figure class=\"wp-block-media-text__media\"><img fetchpriority=\"high\" decoding=\"async\" width=\"1024\" height=\"603\" src=\"https:\/\/factumpc.com\/wp-content\/uploads\/2020\/04\/Clientes-1024x603.jpg\" alt=\"\" class=\"wp-image-55 size-full\" srcset=\"https:\/\/factumpc.com\/wp-content\/uploads\/2020\/04\/Clientes-1024x603.jpg 1024w, https:\/\/factumpc.com\/wp-content\/uploads\/2020\/04\/Clientes-300x177.jpg 300w, https:\/\/factumpc.com\/wp-content\/uploads\/2020\/04\/Clientes-768x452.jpg 768w, https:\/\/factumpc.com\/wp-content\/uploads\/2020\/04\/Clientes-700x412.jpg 700w, https:\/\/factumpc.com\/wp-content\/uploads\/2020\/04\/Clientes-410x241.jpg 410w, https:\/\/factumpc.com\/wp-content\/uploads\/2020\/04\/Clientes-100x59.jpg 100w, https:\/\/factumpc.com\/wp-content\/uploads\/2020\/04\/Clientes-275x162.jpg 275w, https:\/\/factumpc.com\/wp-content\/uploads\/2020\/04\/Clientes.jpg 1046w\" sizes=\"(max-width: 1024px) 100vw, 1024px\" \/><\/figure><div class=\"wp-block-media-text__content\">\n<p class=\"has-large-font-size\">Clientes:<\/p>\n\n\n\n<p>Mediante FactuMPC, puedes realizar un seguimiento de tus clientes, con el control de facturas,  compras y CRM, adem\u00e1s puedes enviarles las facturas por correo, en PDF y remesas de cobro con los principales bancos.<\/p>\n<\/div><\/div>\n\n\n\n<div class=\"wp-block-media-text alignwide has-media-on-the-right is-stacked-on-mobile\"><div class=\"wp-block-media-text__content\">\n<p class=\"has-large-font-size\">Contabilidad:<\/p>\n\n\n\n<p>Puedes f\u00e1cilmente exportar a los principales y mas conocidos programas de contabilidad del mercado.<\/p>\n<\/div><figure class=\"wp-block-media-text__media\"><img decoding=\"async\" width=\"952\" height=\"596\" src=\"https:\/\/factumpc.com\/wp-content\/uploads\/2020\/04\/curso-online-gratis-contabilidad-financiera-1.jpg\" alt=\"\" class=\"wp-image-115 size-full\" srcset=\"https:\/\/factumpc.com\/wp-content\/uploads\/2020\/04\/curso-online-gratis-contabilidad-financiera-1.jpg 952w, https:\/\/factumpc.com\/wp-content\/uploads\/2020\/04\/curso-online-gratis-contabilidad-financiera-1-300x188.jpg 300w, https:\/\/factumpc.com\/wp-content\/uploads\/2020\/04\/curso-online-gratis-contabilidad-financiera-1-768x481.jpg 768w, https:\/\/factumpc.com\/wp-content\/uploads\/2020\/04\/curso-online-gratis-contabilidad-financiera-1-700x438.jpg 700w, https:\/\/factumpc.com\/wp-content\/uploads\/2020\/04\/curso-online-gratis-contabilidad-financiera-1-410x257.jpg 410w, https:\/\/factumpc.com\/wp-content\/uploads\/2020\/04\/curso-online-gratis-contabilidad-financiera-1-100x63.jpg 100w, https:\/\/factumpc.com\/wp-content\/uploads\/2020\/04\/curso-online-gratis-contabilidad-financiera-1-275x172.jpg 275w\" sizes=\"(max-width: 952px) 100vw, 952px\" \/><\/figure><\/div>\n\n\n\n<div class=\"wp-block-media-text alignwide is-stacked-on-mobile\"><figure class=\"wp-block-media-text__media\"><img decoding=\"async\" width=\"1024\" height=\"683\" src=\"https:\/\/factumpc.com\/wp-content\/uploads\/2020\/04\/stock-minimo-almacen-reposicion-mercancias.1.4-1024x683.jpg\" alt=\"\" class=\"wp-image-116 size-full\" srcset=\"https:\/\/factumpc.com\/wp-content\/uploads\/2020\/04\/stock-minimo-almacen-reposicion-mercancias.1.4-1024x683.jpg 1024w, https:\/\/factumpc.com\/wp-content\/uploads\/2020\/04\/stock-minimo-almacen-reposicion-mercancias.1.4-300x200.jpg 300w, https:\/\/factumpc.com\/wp-content\/uploads\/2020\/04\/stock-minimo-almacen-reposicion-mercancias.1.4-768x512.jpg 768w, https:\/\/factumpc.com\/wp-content\/uploads\/2020\/04\/stock-minimo-almacen-reposicion-mercancias.1.4-1536x1024.jpg 1536w, https:\/\/factumpc.com\/wp-content\/uploads\/2020\/04\/stock-minimo-almacen-reposicion-mercancias.1.4-700x467.jpg 700w, https:\/\/factumpc.com\/wp-content\/uploads\/2020\/04\/stock-minimo-almacen-reposicion-mercancias.1.4-410x273.jpg 410w, https:\/\/factumpc.com\/wp-content\/uploads\/2020\/04\/stock-minimo-almacen-reposicion-mercancias.1.4-100x67.jpg 100w, https:\/\/factumpc.com\/wp-content\/uploads\/2020\/04\/stock-minimo-almacen-reposicion-mercancias.1.4-275x183.jpg 275w, https:\/\/factumpc.com\/wp-content\/uploads\/2020\/04\/stock-minimo-almacen-reposicion-mercancias.1.4.jpg 1920w\" sizes=\"(max-width: 1024px) 100vw, 1024px\" \/><\/figure><div class=\"wp-block-media-text__content\">\n<p class=\"has-large-font-size\">Art\u00edculos:<\/p>\n\n\n\n<p>Puedes trabajar con varios almacenes, controla el stock y saber en cada momento la trazabilidad del art\u00edculo.<\/p>\n<\/div><\/div>\n\n\n\n<div class=\"wp-block-media-text alignwide has-media-on-the-right is-stacked-on-mobile\"><div class=\"wp-block-media-text__content\">\n<p class=\"has-large-font-size\">Pagos\/cobros:<\/p>\n\n\n\n<p>En cada momento puedes saber el monto a final del d\u00eda aunque no est\u00e9s presente, el programa te env\u00eda todos las operaciones a final del d\u00eda<\/p>\n<\/div><figure class=\"wp-block-media-text__media\"><img loading=\"lazy\" decoding=\"async\" width=\"1024\" height=\"550\" src=\"https:\/\/factumpc.com\/wp-content\/uploads\/2020\/04\/activaerp_cobros.contenido-1024x550.jpg\" alt=\"\" class=\"wp-image-118 size-full\" srcset=\"https:\/\/factumpc.com\/wp-content\/uploads\/2020\/04\/activaerp_cobros.contenido-1024x550.jpg 1024w, https:\/\/factumpc.com\/wp-content\/uploads\/2020\/04\/activaerp_cobros.contenido-300x161.jpg 300w, https:\/\/factumpc.com\/wp-content\/uploads\/2020\/04\/activaerp_cobros.contenido-768x413.jpg 768w, https:\/\/factumpc.com\/wp-content\/uploads\/2020\/04\/activaerp_cobros.contenido-700x376.jpg 700w, https:\/\/factumpc.com\/wp-content\/uploads\/2020\/04\/activaerp_cobros.contenido-410x220.jpg 410w, https:\/\/factumpc.com\/wp-content\/uploads\/2020\/04\/activaerp_cobros.contenido-100x54.jpg 100w, https:\/\/factumpc.com\/wp-content\/uploads\/2020\/04\/activaerp_cobros.contenido-275x148.jpg 275w, https:\/\/factumpc.com\/wp-content\/uploads\/2020\/04\/activaerp_cobros.contenido.jpg 1210w\" sizes=\"(max-width: 1024px) 100vw, 1024px\" \/><\/figure><\/div>\n\n\n\n<div class=\"wp-block-media-text alignwide is-stacked-on-mobile\"><figure class=\"wp-block-media-text__media\"><img loading=\"lazy\" decoding=\"async\" width=\"834\" height=\"539\" src=\"https:\/\/factumpc.com\/wp-content\/uploads\/2020\/04\/remesas-modulo-bbva.png\" alt=\"\" class=\"wp-image-120 size-full\" srcset=\"https:\/\/factumpc.com\/wp-content\/uploads\/2020\/04\/remesas-modulo-bbva.png 834w, https:\/\/factumpc.com\/wp-content\/uploads\/2020\/04\/remesas-modulo-bbva-300x194.png 300w, https:\/\/factumpc.com\/wp-content\/uploads\/2020\/04\/remesas-modulo-bbva-768x496.png 768w, https:\/\/factumpc.com\/wp-content\/uploads\/2020\/04\/remesas-modulo-bbva-700x452.png 700w, https:\/\/factumpc.com\/wp-content\/uploads\/2020\/04\/remesas-modulo-bbva-410x265.png 410w, https:\/\/factumpc.com\/wp-content\/uploads\/2020\/04\/remesas-modulo-bbva-100x65.png 100w, https:\/\/factumpc.com\/wp-content\/uploads\/2020\/04\/remesas-modulo-bbva-275x178.png 275w\" sizes=\"(max-width: 834px) 100vw, 834px\" \/><\/figure><div class=\"wp-block-media-text__content\">\n<p class=\"has-large-font-size\">Bancos:<\/p>\n\n\n\n<p>Puedes enviar remesas de tus cobros cumpliendo SEPA 19.14 con los principales bancos del pa\u00eds.<\/p>\n\n\n\n<p><\/p>\n<\/div><\/div>\n\n\n\n<div class=\"wp-block-media-text alignwide has-media-on-the-right is-stacked-on-mobile\"><div class=\"wp-block-media-text__content\">\n<p class=\"has-large-font-size\">Facturae:<\/p>\n\n\n\n<p>Trabaja con la administraci\u00f3n y genera sin problemas las facturas electr\u00f3nicas con facilidad desde FactuMPC<\/p>\n<\/div><figure class=\"wp-block-media-text__media\"><img loading=\"lazy\" decoding=\"async\" width=\"644\" height=\"342\" src=\"https:\/\/factumpc.com\/wp-content\/uploads\/2020\/04\/nueva-version-formato-factura-electronica-facturae.jpg\" alt=\"\" class=\"wp-image-122 size-full\" srcset=\"https:\/\/factumpc.com\/wp-content\/uploads\/2020\/04\/nueva-version-formato-factura-electronica-facturae.jpg 644w, https:\/\/factumpc.com\/wp-content\/uploads\/2020\/04\/nueva-version-formato-factura-electronica-facturae-300x159.jpg 300w, https:\/\/factumpc.com\/wp-content\/uploads\/2020\/04\/nueva-version-formato-factura-electronica-facturae-410x218.jpg 410w, https:\/\/factumpc.com\/wp-content\/uploads\/2020\/04\/nueva-version-formato-factura-electronica-facturae-100x53.jpg 100w, https:\/\/factumpc.com\/wp-content\/uploads\/2020\/04\/nueva-version-formato-factura-electronica-facturae-275x146.jpg 275w\" sizes=\"(max-width: 644px) 100vw, 644px\" \/><\/figure><\/div>\n\n\n\n<div style=\"height:100px\" aria-hidden=\"true\" class=\"wp-block-spacer\"><\/div>\n","protected":false},"excerpt":{"rendered":"<p>Clientes: Mediante FactuMPC, puedes realizar un seguimiento de tus clientes, con el control de facturas, compras y CRM, adem\u00e1s puedes enviarles las facturas por correo, en PDF y remesas de cobro con los principales bancos. Contabilidad: Puedes f\u00e1cilmente exportar a los principales y mas conocidos programas de contabilidad del mercado. Art\u00edculos: Puedes trabajar con varios&hellip;&nbsp;<\/p>\n","protected":false},"author":1,"featured_media":0,"parent":0,"menu_order":0,"comment_status":"closed","ping_status":"closed","template":"","meta":{"neve_meta_sidebar":"","neve_meta_container":"","neve_meta_enable_content_width":"","neve_meta_content_width":0,"neve_meta_title_alignment":"","neve_meta_author_avatar":"","neve_post_elements_order":"","neve_meta_disable_header":"","neve_meta_disable_footer":"","neve_meta_disable_title":"","footnotes":""},"class_list":["post-13","page","type-page","status-publish","hentry"],"_links":{"self":[{"href":"https:\/\/factumpc.com\/index.php\/wp-json\/wp\/v2\/pages\/13","targetHints":{"allow":["GET"]}}],"collection":[{"href":"https:\/\/factumpc.com\/index.php\/wp-json\/wp\/v2\/pages"}],"about":[{"href":"https:\/\/factumpc.com\/index.php\/wp-json\/wp\/v2\/types\/page"}],"author":[{"embeddable":true,"href":"https:\/\/factumpc.com\/index.php\/wp-json\/wp\/v2\/users\/1"}],"replies":[{"embeddable":true,"href":"https:\/\/factumpc.com\/index.php\/wp-json\/wp\/v2\/comments?post=13"}],"version-history":[{"count":7,"href":"https:\/\/factumpc.com\/index.php\/wp-json\/wp\/v2\/pages\/13\/revisions"}],"predecessor-version":[{"id":272,"href":"https:\/\/factumpc.com\/index.php\/wp-json\/wp\/v2\/pages\/13\/revisions\/272"}],"wp:attachment":[{"href":"https:\/\/factumpc.com\/index.php\/wp-json\/wp\/v2\/media?parent=13"}],"curies":[{"name":"wp","href":"https:\/\/api.w.org\/{rel}","templated":true}]}}